{"id":5872,"date":"2024-06-06T12:21:54","date_gmt":"2024-06-06T10:21:54","guid":{"rendered":"https:\/\/omeletteeditions.com\/descargas-menu\/"},"modified":"2026-02-11T14:24:55","modified_gmt":"2026-02-11T13:24:55","slug":"descargas-menu","status":"publish","type":"page","link":"https:\/\/omeletteeditions.com\/en\/descargas-menu\/","title":{"rendered":"Descargas"},"content":{"rendered":"\t\t<div data-elementor-type=\"wp-page\" data-elementor-id=\"5872\" class=\"elementor elementor-5872 elementor-5439\" data-elementor-post-type=\"page\">\n\t\t\t\t<div class=\"elementor-element elementor-element-b1bdbbf descargas descargas-no-logged e-con-full e-flex e-con e-parent\" data-id=\"b1bdbbf\" data-element_type=\"container\">\n\t\t\t\t<div class=\"elementor-element elementor-element-9ed19ce form-title catalogo elementor-widget__width-inherit elementor-widget elementor-widget-heading\" data-id=\"9ed19ce\" data-element_type=\"widget\" data-widget_type=\"heading.default\">\n\t\t\t\t<div class=\"elementor-widget-container\">\n\t\t\t\t\t<h2 class=\"elementor-heading-title elementor-size-default\"><a href=\"https:\/\/www.dropbox.com\/scl\/fi\/n3kfn7hjhnweadd9qjh0d\/Omelette-Editions_Cat-logo_Vol.V.pdf?rlkey=9ecxs3saf367n6p3ezo8vtlva&#038;st=lewwdu5l&#038;dl=0\" target=\"_blank\">Cat\u00e1logo Vol. V<\/a><\/h2>\t\t\t\t<\/div>\n\t\t\t\t<\/div>\n\t\t\t\t<div class=\"elementor-element elementor-element-78a2062 form-title stylebook elementor-widget elementor-widget-heading\" data-id=\"78a2062\" data-element_type=\"widget\" data-widget_type=\"heading.default\">\n\t\t\t\t<div class=\"elementor-widget-container\">\n\t\t\t\t\t<h2 class=\"elementor-heading-title elementor-size-default\"><a href=\"https:\/\/www.dropbox.com\/scl\/fi\/s3z3r6qbn5dty1trolr0e\/Omelette-Editions_Stylebook-Vol.I.pdf?rlkey=3ejsfzfedsw0tohwc9nplejai&#038;dl=0\" target=\"_blank\">Stylebook Vol. I<\/a><\/h2>\t\t\t\t<\/div>\n\t\t\t\t<\/div>\n\t\t\t\t<div class=\"elementor-element elementor-element-4899613 form-title prensa elementor-widget elementor-widget-heading\" data-id=\"4899613\" data-element_type=\"widget\" data-widget_type=\"heading.default\">\n\t\t\t\t<div class=\"elementor-widget-container\">\n\t\t\t\t\t<h2 class=\"elementor-heading-title elementor-size-default\"><a href=\"https:\/\/www.dropbox.com\/scl\/fo\/ej1mxlq49u0qatd8sjr79\/h?rlkey=pa7s84bqwic249efi8oyko51h&#038;dl=0\" target=\"_blank\">Notas de prensa<\/a><\/h2>\t\t\t\t<\/div>\n\t\t\t\t<\/div>\n\t\t\t\t<div class=\"elementor-element elementor-element-cc52dff form-title tecnicas text-gray elementor-widget elementor-widget-heading\" data-id=\"cc52dff\" data-element_type=\"widget\" data-widget_type=\"heading.default\">\n\t\t\t\t<div class=\"elementor-widget-container\">\n\t\t\t\t\t<h2 class=\"elementor-heading-title elementor-size-default\"><a href=\"#elementor-action%3Aaction%3Dpopup%3Aopen%26settings%3DeyJpZCI6NjU5NywidG9nZ2xlIjpmYWxzZX0%3D\" target=\"_blank\">Fichas t\u00e9cnicas<\/a><\/h2>\t\t\t\t<\/div>\n\t\t\t\t<\/div>\n\t\t\t\t<div class=\"elementor-element elementor-element-0dcb631 form-title imagenes text-gray elementor-widget elementor-widget-heading\" data-id=\"0dcb631\" data-element_type=\"widget\" data-widget_type=\"heading.default\">\n\t\t\t\t<div class=\"elementor-widget-container\">\n\t\t\t\t\t<h2 class=\"elementor-heading-title elementor-size-default\"><a href=\"#elementor-action%3Aaction%3Dpopup%3Aopen%26settings%3DeyJpZCI6NjU5NywidG9nZ2xlIjpmYWxzZX0%3D\" target=\"_blank\">Im\u00e1genes LR &amp; HR<\/a><\/h2>\t\t\t\t<\/div>\n\t\t\t\t<\/div>\n\t\t\t\t<div class=\"elementor-element elementor-element-fdc5c67 form-title materiales text-gray elementor-widget elementor-widget-heading\" data-id=\"fdc5c67\" data-element_type=\"widget\" data-widget_type=\"heading.default\">\n\t\t\t\t<div class=\"elementor-widget-container\">\n\t\t\t\t\t<h2 class=\"elementor-heading-title elementor-size-default\"><a href=\"#elementor-action%3Aaction%3Dpopup%3Aopen%26settings%3DeyJpZCI6NjU5NywidG9nZ2xlIjpmYWxzZX0%3D\" target=\"_blank\">Materiales y acabados<\/a><\/h2>\t\t\t\t<\/div>\n\t\t\t\t<\/div>\n\t\t\t\t<div class=\"elementor-element elementor-element-8404f4e form-title tres-d  text-gray elementor-widget elementor-widget-heading\" data-id=\"8404f4e\" data-element_type=\"widget\" data-widget_type=\"heading.default\">\n\t\t\t\t<div class=\"elementor-widget-container\">\n\t\t\t\t\t<h2 class=\"elementor-heading-title elementor-size-default\"><a href=\"\/login\" target=\"_blank\">Archivos 3D<\/a><\/h2>\t\t\t\t<\/div>\n\t\t\t\t<\/div>\n\t\t\t\t<\/div>\n\t\t<div class=\"elementor-element elementor-element-784b359 descargas descargas-logged e-flex e-con-boxed e-con e-parent\" data-id=\"784b359\" data-element_type=\"container\">\n\t\t\t\t\t<div class=\"e-con-inner\">\n\t\t\t\t<div class=\"elementor-element elementor-element-fd40960 form-title catalogo elementor-widget elementor-widget-heading\" data-id=\"fd40960\" data-element_type=\"widget\" data-widget_type=\"heading.default\">\n\t\t\t\t<div class=\"elementor-widget-container\">\n\t\t\t\t\t<h2 class=\"elementor-heading-title elementor-size-default\"><a href=\"https:\/\/www.dropbox.com\/scl\/fi\/pcat3eotk8cbayf9kzgay\/Omelette_CAT-SEIS_WEB.pdf?rlkey=shfb1ug7s0mk3wnfzmmnjvj8o&#038;st=y5w4214h&#038;dl=0\" target=\"_blank\">Catalog Vol. VI<\/a><\/h2>\t\t\t\t<\/div>\n\t\t\t\t<\/div>\n\t\t\t\t<div class=\"elementor-element elementor-element-a87e495 form-title prensa elementor-widget elementor-widget-heading\" data-id=\"a87e495\" data-element_type=\"widget\" data-widget_type=\"heading.default\">\n\t\t\t\t<div class=\"elementor-widget-container\">\n\t\t\t\t\t<h2 class=\"elementor-heading-title elementor-size-default\"><a href=\"https:\/\/www.dropbox.com\/scl\/fo\/ej1mxlq49u0qatd8sjr79\/h?rlkey=pa7s84bqwic249efi8oyko51h&#038;dl=0\" target=\"_blank\">Press notes<\/a><\/h2>\t\t\t\t<\/div>\n\t\t\t\t<\/div>\n\t\t\t\t<div class=\"elementor-element elementor-element-ef32f97 form-title tecnicas elementor-widget elementor-widget-heading\" data-id=\"ef32f97\" data-element_type=\"widget\" data-widget_type=\"heading.default\">\n\t\t\t\t<div class=\"elementor-widget-container\">\n\t\t\t\t\t<h2 class=\"elementor-heading-title elementor-size-default\"><a href=\"https:\/\/www.dropbox.com\/scl\/fo\/pemnv13xifkgnx0l8jb07\/h?rlkey=g9v4jdzxt2srllc0ubavo8rf8&#038;dl=0\" target=\"_blank\">Technicals<\/a><\/h2>\t\t\t\t<\/div>\n\t\t\t\t<\/div>\n\t\t\t\t<div class=\"elementor-element elementor-element-dac0673 form-title imagenes  elementor-widget elementor-widget-heading\" data-id=\"dac0673\" data-element_type=\"widget\" data-widget_type=\"heading.default\">\n\t\t\t\t<div class=\"elementor-widget-container\">\n\t\t\t\t\t<h2 class=\"elementor-heading-title elementor-size-default\"><a href=\"https:\/\/www.dropbox.com\/scl\/fo\/zdywmq1iwlp4qh4euu6wj\/h?rlkey=wgcrjjfs58dxbzzxtqvbf58zw&#038;dl=0\" target=\"_blank\">Pictures LR & HR<\/a><\/h2>\t\t\t\t<\/div>\n\t\t\t\t<\/div>\n\t\t\t\t<div class=\"elementor-element elementor-element-69f83eb form-title materiales  elementor-widget elementor-widget-heading\" data-id=\"69f83eb\" data-element_type=\"widget\" data-widget_type=\"heading.default\">\n\t\t\t\t<div class=\"elementor-widget-container\">\n\t\t\t\t\t<h2 class=\"elementor-heading-title elementor-size-default\"><a href=\"https:\/\/www.dropbox.com\/scl\/fi\/5dwvu44cdcd5kma8tajsn\/Omelette-Editions_materiales-y-acabados_2026.pdf?rlkey=senrj0wubq0yvk90ghu562mjr&#038;st=jh1u5rwx&#038;dl=0\" target=\"_blank\">Materials and finishes<\/a><\/h2>\t\t\t\t<\/div>\n\t\t\t\t<\/div>\n\t\t\t\t<div class=\"elementor-element elementor-element-ab9f083 form-title tres-d  elementor-widget elementor-widget-heading\" data-id=\"ab9f083\" data-element_type=\"widget\" data-widget_type=\"heading.default\">\n\t\t\t\t<div class=\"elementor-widget-container\">\n\t\t\t\t\t<h2 class=\"elementor-heading-title elementor-size-default\"><a href=\"https:\/\/www.dropbox.com\/scl\/fo\/peu963vudrgn0knzfpbya\/h?rlkey=3o77tr8xxpbk01asdlaren93g&#038;dl=0\" target=\"_blank\">3D files<\/a><\/h2>\t\t\t\t<\/div>\n\t\t\t\t<\/div>\n\t\t\t\t\t<\/div>\n\t\t\t\t<\/div>\n\t\t\t\t<\/div>\n\t\t","protected":false},"excerpt":{"rendered":"<p>Cat\u00e1logo Vol. V Stylebook Vol. I Notas de prensa Fichas t\u00e9cnicas Im\u00e1genes LR &#038; HR Materiales y acabados Archivos 3D Catalog Vol. VI Press notes Technicals Pictures LR &#038; HR Materials and finishes 3D files<\/p>\n","protected":false},"author":1,"featured_media":0,"parent":0,"menu_order":0,"comment_status":"closed","ping_status":"closed","template":"","meta":{"_acf_changed":false,"site-sidebar-layout":"no-sidebar","site-content-layout":"","ast-site-content-layout":"full-width-container","site-content-style":"default","site-sidebar-style":"default","ast-global-header-display":"","ast-banner-title-visibility":"","ast-main-header-display":"","ast-hfb-above-header-display":"","ast-hfb-below-header-display":"","ast-hfb-mobile-header-display":"","site-post-title":"disabled","ast-breadcrumbs-content":"","ast-featured-img":"disabled","footer-sml-layout":"","theme-transparent-header-meta":"","adv-header-id-meta":"","stick-header-meta":"","header-above-stick-meta":"","header-main-stick-meta":"","header-below-stick-meta":"","astra-migrate-meta-layouts":"","ast-page-background-enabled":"default","ast-page-background-meta":{"desktop":{"background-color":"var(--ast-global-color-4)","background-image":"","background-repeat":"repeat","background-position":"center center","background-size":"auto","background-attachment":"scroll","background-type":"","background-media":"","overlay-type":"","overlay-color":"","overlay-gradient":""},"tablet":{"background-color":"","background-image":"","background-repeat":"repeat","background-position":"center center","background-size":"auto","background-attachment":"scroll","background-type":"","background-media":"","overlay-type":"","overlay-color":"","overlay-gradient":""},"mobile":{"background-color":"","background-image":"","background-repeat":"repeat","background-position":"center center","background-size":"auto","background-attachment":"scroll","background-type":"","background-media":"","overlay-type":"","overlay-color":"","overlay-gradient":""}},"ast-content-background-meta":{"desktop":{"background-color":"var(--ast-global-color-5)","background-image":"","background-repeat":"repeat","background-position":"center center","background-size":"auto","background-attachment":"scroll","background-type":"","background-media":"","overlay-type":"","overlay-color":"","overlay-gradient":""},"tablet":{"background-color":"var(--ast-global-color-5)","background-image":"","background-repeat":"repeat","background-position":"center center","background-size":"auto","background-attachment":"scroll","background-type":"","background-media":"","overlay-type":"","overlay-color":"","overlay-gradient":""},"mobile":{"background-color":"var(--ast-global-color-5)","background-image":"","background-repeat":"repeat","background-position":"center center","background-size":"auto","background-attachment":"scroll","background-type":"","background-media":"","overlay-type":"","overlay-color":"","overlay-gradient":""}},"_joinchat":[],"footnotes":""},"class_list":["post-5872","page","type-page","status-publish","hentry"],"acf":[],"yoast_head":"<!-- This site is optimized with the Yoast SEO plugin v26.1.1 - https:\/\/yoast.com\/wordpress\/plugins\/seo\/ -->\n<title>Descargas - Omelette Editions<\/title>\n<meta name=\"robots\" content=\"index, follow, max-snippet:-1, max-image-preview:large, max-video-preview:-1\" \/>\n<link rel=\"canonical\" href=\"https:\/\/omeletteeditions.com\/en\/descargas-menu\/\" \/>\n<meta property=\"og:locale\" content=\"en_US\" \/>\n<meta property=\"og:type\" content=\"article\" \/>\n<meta property=\"og:title\" content=\"Descargas - Omelette Editions\" \/>\n<meta property=\"og:description\" content=\"Cat\u00e1logo Vol. V Stylebook Vol. I Notas de prensa Fichas t\u00e9cnicas Im\u00e1genes LR &#038; HR Materiales y acabados Archivos 3D Catalog Vol. VI Press notes Technicals Pictures LR &#038; HR Materials and finishes 3D files\" \/>\n<meta property=\"og:url\" content=\"https:\/\/omeletteeditions.com\/en\/descargas-menu\/\" \/>\n<meta property=\"og:site_name\" content=\"Omelette Editions\" \/>\n<meta property=\"article:modified_time\" content=\"2026-02-11T13:24:55+00:00\" \/>\n<meta name=\"twitter:card\" content=\"summary_large_image\" \/>\n<meta name=\"twitter:label1\" content=\"Est. reading time\" \/>\n\t<meta name=\"twitter:data1\" content=\"1 minute\" \/>\n<script type=\"application\/ld+json\" class=\"yoast-schema-graph\">{\"@context\":\"https:\/\/schema.org\",\"@graph\":[{\"@type\":\"WebPage\",\"@id\":\"https:\/\/omeletteeditions.com\/en\/descargas-menu\/\",\"url\":\"https:\/\/omeletteeditions.com\/en\/descargas-menu\/\",\"name\":\"Descargas - Omelette Editions\",\"isPartOf\":{\"@id\":\"https:\/\/omeletteeditions.com\/en\/#website\"},\"datePublished\":\"2024-06-06T10:21:54+00:00\",\"dateModified\":\"2026-02-11T13:24:55+00:00\",\"breadcrumb\":{\"@id\":\"https:\/\/omeletteeditions.com\/en\/descargas-menu\/#breadcrumb\"},\"inLanguage\":\"en-US\",\"potentialAction\":[{\"@type\":\"ReadAction\",\"target\":[\"https:\/\/omeletteeditions.com\/en\/descargas-menu\/\"]}]},{\"@type\":\"BreadcrumbList\",\"@id\":\"https:\/\/omeletteeditions.com\/en\/descargas-menu\/#breadcrumb\",\"itemListElement\":[{\"@type\":\"ListItem\",\"position\":1,\"name\":\"Portada\",\"item\":\"https:\/\/omeletteeditions.com\/en\/\"},{\"@type\":\"ListItem\",\"position\":2,\"name\":\"Descargas\"}]},{\"@type\":\"WebSite\",\"@id\":\"https:\/\/omeletteeditions.com\/en\/#website\",\"url\":\"https:\/\/omeletteeditions.com\/en\/\",\"name\":\"Omelette Editions\",\"description\":\"\",\"potentialAction\":[{\"@type\":\"SearchAction\",\"target\":{\"@type\":\"EntryPoint\",\"urlTemplate\":\"https:\/\/omeletteeditions.com\/en\/?s={search_term_string}\"},\"query-input\":{\"@type\":\"PropertyValueSpecification\",\"valueRequired\":true,\"valueName\":\"search_term_string\"}}],\"inLanguage\":\"en-US\"}]}<\/script>\n<!-- \/ Yoast SEO plugin. -->","yoast_head_json":{"title":"Descargas - Omelette Editions","robots":{"index":"index","follow":"follow","max-snippet":"max-snippet:-1","max-image-preview":"max-image-preview:large","max-video-preview":"max-video-preview:-1"},"canonical":"https:\/\/omeletteeditions.com\/en\/descargas-menu\/","og_locale":"en_US","og_type":"article","og_title":"Descargas - Omelette Editions","og_description":"Cat\u00e1logo Vol. V Stylebook Vol. I Notas de prensa Fichas t\u00e9cnicas Im\u00e1genes LR &#038; HR Materiales y acabados Archivos 3D Catalog Vol. VI Press notes Technicals Pictures LR &#038; HR Materials and finishes 3D files","og_url":"https:\/\/omeletteeditions.com\/en\/descargas-menu\/","og_site_name":"Omelette Editions","article_modified_time":"2026-02-11T13:24:55+00:00","twitter_card":"summary_large_image","twitter_misc":{"Est. reading time":"1 minute"},"schema":{"@context":"https:\/\/schema.org","@graph":[{"@type":"WebPage","@id":"https:\/\/omeletteeditions.com\/en\/descargas-menu\/","url":"https:\/\/omeletteeditions.com\/en\/descargas-menu\/","name":"Descargas - Omelette Editions","isPartOf":{"@id":"https:\/\/omeletteeditions.com\/en\/#website"},"datePublished":"2024-06-06T10:21:54+00:00","dateModified":"2026-02-11T13:24:55+00:00","breadcrumb":{"@id":"https:\/\/omeletteeditions.com\/en\/descargas-menu\/#breadcrumb"},"inLanguage":"en-US","potentialAction":[{"@type":"ReadAction","target":["https:\/\/omeletteeditions.com\/en\/descargas-menu\/"]}]},{"@type":"BreadcrumbList","@id":"https:\/\/omeletteeditions.com\/en\/descargas-menu\/#breadcrumb","itemListElement":[{"@type":"ListItem","position":1,"name":"Portada","item":"https:\/\/omeletteeditions.com\/en\/"},{"@type":"ListItem","position":2,"name":"Descargas"}]},{"@type":"WebSite","@id":"https:\/\/omeletteeditions.com\/en\/#website","url":"https:\/\/omeletteeditions.com\/en\/","name":"Omelette Editions","description":"","potentialAction":[{"@type":"SearchAction","target":{"@type":"EntryPoint","urlTemplate":"https:\/\/omeletteeditions.com\/en\/?s={search_term_string}"},"query-input":{"@type":"PropertyValueSpecification","valueRequired":true,"valueName":"search_term_string"}}],"inLanguage":"en-US"}]}},"_links":{"self":[{"href":"https:\/\/omeletteeditions.com\/en\/wp-json\/wp\/v2\/pages\/5872","targetHints":{"allow":["GET"]}}],"collection":[{"href":"https:\/\/omeletteeditions.com\/en\/wp-json\/wp\/v2\/pages"}],"about":[{"href":"https:\/\/omeletteeditions.com\/en\/wp-json\/wp\/v2\/types\/page"}],"author":[{"embeddable":true,"href":"https:\/\/omeletteeditions.com\/en\/wp-json\/wp\/v2\/users\/1"}],"replies":[{"embeddable":true,"href":"https:\/\/omeletteeditions.com\/en\/wp-json\/wp\/v2\/comments?post=5872"}],"version-history":[{"count":16,"href":"https:\/\/omeletteeditions.com\/en\/wp-json\/wp\/v2\/pages\/5872\/revisions"}],"predecessor-version":[{"id":95950,"href":"https:\/\/omeletteeditions.com\/en\/wp-json\/wp\/v2\/pages\/5872\/revisions\/95950"}],"wp:attachment":[{"href":"https:\/\/omeletteeditions.com\/en\/wp-json\/wp\/v2\/media?parent=5872"}],"curies":[{"name":"wp","href":"https:\/\/api.w.org\/{rel}","templated":true}]}}