{"id":5897,"date":"2023-09-14T10:21:31","date_gmt":"2023-09-14T08:21:31","guid":{"rendered":"https:\/\/omeletteeditions.com\/francesc-rife\/"},"modified":"2024-11-14T12:07:04","modified_gmt":"2024-11-14T11:07:04","slug":"francesc-rife","status":"publish","type":"page","link":"https:\/\/omeletteeditions.com\/en\/designers\/francesc-rife\/","title":{"rendered":"Francesc Rif\u00e9"},"content":{"rendered":"\t\t<div data-elementor-type=\"wp-page\" data-elementor-id=\"5897\" class=\"elementor elementor-5897 elementor-1249\" data-elementor-post-type=\"page\">\n\t\t\t\t<div class=\"elementor-element elementor-element-df9aa56 e-con-full e-flex e-con e-parent\" data-id=\"df9aa56\" data-element_type=\"container\">\n\t\t<div class=\"elementor-element elementor-element-30688c7 e-con-full e-flex e-con e-child\" data-id=\"30688c7\" data-element_type=\"container\">\n\t\t\t\t<div class=\"elementor-element elementor-element-ccb5e64 elementor-widget elementor-widget-heading\" data-id=\"ccb5e64\" data-element_type=\"widget\" data-widget_type=\"heading.default\">\n\t\t\t\t<div class=\"elementor-widget-container\">\n\t\t\t\t\t<h3 class=\"elementor-heading-title elementor-size-default\">Francesc Rif\u00e9<\/h3>\t\t\t\t<\/div>\n\t\t\t\t<\/div>\n\t\t\t\t<\/div>\n\t\t\t\t<div class=\"elementor-element elementor-element-6bdacf2 elementor-hidden-mobile offcanvas-button elementor-widget elementor-widget-premium-addon-magic-section\" data-id=\"6bdacf2\" data-element_type=\"widget\" data-widget_type=\"premium-addon-magic-section.default\">\n\t\t\t\t<div class=\"elementor-widget-container\">\n\t\t\t\t\t\n\t\t<div class=\"premium-magic-section-container\">\n\n\t\t\t<div id=\"premium-magic-section-6bdacf2\" class=\"premium-msection-wrap premium-addons__v-hidden offcanvas-overlay bottom\" data-settings=\"{&quot;position&quot;:&quot;bottom&quot;,&quot;type&quot;:&quot;slide&quot;,&quot;trigger&quot;:&quot;button&quot;,&quot;style&quot;:&quot;overlay&quot;,&quot;clickOutside&quot;:false}\">\n\n\t\t\t\t\t<div class=\"premium-msection-content-wrap\">\n\t\t\t\t\t\t<style>.elementor-widget-container .premium-global-badge-{{ID}} .premium-badge-container{background-color:var( --e-global-color-primary );}.elementor-widget-container .premium-global-cursor-{{ID}}{color:var( --e-global-color-primary );fill:var( --e-global-color-primary );}.elementor-widget-container .premium-global-badge-{{ID}} .premium-badge-text{color:var( --e-global-color-secondary );}.elementor-widget-container .premium-global-badge-{{ID}} .premium-badge-icon{color:var( --e-global-color-secondary );fill:var( --e-global-color-secondary );}.elementor-6626 .elementor-element.elementor-element-3b4417a{--display:flex;--min-height:1000px;--flex-direction:column;--container-widget-width:calc( ( 1 - var( --container-widget-flex-grow ) ) * 100% );--container-widget-height:initial;--container-widget-flex-grow:0;--container-widget-align-self:initial;--flex-wrap-mobile:wrap;--align-items:flex-start;--padding-top:16px;--padding-bottom:16px;--padding-left:16px;--padding-right:16px;}.elementor-widget-text-editor .premium-global-badge-{{ID}} .premium-badge-container{background-color:var( --e-global-color-primary );}.elementor-widget-text-editor .premium-global-cursor-{{ID}}{color:var( --e-global-color-primary );fill:var( --e-global-color-primary );}.elementor-widget-text-editor .premium-global-badge-{{ID}} .premium-badge-text{color:var( --e-global-color-secondary );}.elementor-widget-text-editor .premium-global-badge-{{ID}} .premium-badge-icon{color:var( --e-global-color-secondary );fill:var( --e-global-color-secondary );}.elementor-widget-text-editor{color:var( --e-global-color-text );}.elementor-widget-text-editor.elementor-drop-cap-view-stacked .elementor-drop-cap{background-color:var( --e-global-color-primary );}.elementor-widget-text-editor.elementor-drop-cap-view-framed .elementor-drop-cap, .elementor-widget-text-editor.elementor-drop-cap-view-default .elementor-drop-cap{color:var( --e-global-color-primary );border-color:var( --e-global-color-primary );}.elementor-6626 .elementor-element.elementor-element-b5180f8{width:var( --container-widget-width, 687px );max-width:687px;--container-widget-width:687px;--container-widget-flex-grow:0;text-align:left;font-family:\"Universal Sans\", Sans-serif;font-size:16px;font-weight:500;line-height:16px;}.elementor-6626 .elementor-element.elementor-element-7e083a6{--display:flex;--flex-direction:row;--container-widget-width:initial;--container-widget-height:100%;--container-widget-flex-grow:1;--container-widget-align-self:stretch;--flex-wrap-mobile:wrap;--justify-content:flex-start;--gap:16px 16px;--row-gap:16px;--column-gap:16px;--flex-wrap:wrap;--padding-top:0px;--padding-bottom:0px;--padding-left:0px;--padding-right:0px;}.elementor-widget-button .elementor-button{background-color:var( --e-global-color-accent );}.elementor-widget-button .premium-global-badge-{{ID}} .premium-badge-container{background-color:var( --e-global-color-primary );}.elementor-widget-button .premium-global-cursor-{{ID}}{color:var( --e-global-color-primary );fill:var( --e-global-color-primary );}.elementor-widget-button .premium-global-badge-{{ID}} .premium-badge-text{color:var( --e-global-color-secondary );}.elementor-widget-button .premium-global-badge-{{ID}} .premium-badge-icon{color:var( --e-global-color-secondary );fill:var( --e-global-color-secondary );}.elementor-6626 .elementor-element.elementor-element-428d7da .elementor-button{background-color:#BABABA00;font-family:\"Universal Sans\", Sans-serif;font-size:16px;font-weight:500;line-height:16px;fill:var( --e-global-color-text );color:var( --e-global-color-text );padding:0px 0px 0px 0px;}.elementor-6626 .elementor-element.elementor-element-428d7da .elementor-button:hover, .elementor-6626 .elementor-element.elementor-element-428d7da .elementor-button:focus{background-color:#00000000;color:var( --e-global-color-accent );}.elementor-6626 .elementor-element.elementor-element-428d7da .elementor-button:hover svg, .elementor-6626 .elementor-element.elementor-element-428d7da .elementor-button:focus svg{fill:var( --e-global-color-accent );}@media(max-width:1024px){.elementor-6626 .elementor-element.elementor-element-3b4417a{--padding-top:8px;--padding-bottom:8px;--padding-left:8px;--padding-right:8px;}}@media(max-width:767px){.elementor-6626 .elementor-element.elementor-element-b5180f8 > .elementor-widget-container{margin:0px 0px 0px 0px;}.elementor-6626 .elementor-element.elementor-element-b5180f8{font-size:22px;line-height:22px;}.elementor-6626 .elementor-element.elementor-element-428d7da .elementor-button{font-size:22px;line-height:22px;}}\/* Start Custom Fonts CSS *\/@font-face {\n\tfont-family: 'Universal Sans';\n\tfont-style: normal;\n\tfont-weight: normal;\n\tfont-display: auto;\n\tsrc: url('https:\/\/omeletteeditions.com\/wp-content\/uploads\/2023\/08\/Universal-Sans-Display-550.ttf') format('truetype');\n}\n@font-face {\n\tfont-family: 'Universal Sans';\n\tfont-style: italic;\n\tfont-weight: normal;\n\tfont-display: auto;\n\tsrc: url('https:\/\/omeletteeditions.com\/wp-content\/uploads\/2023\/08\/Universal-Sans-Display-550Italic.ttf') format('truetype');\n}\n\/* End Custom Fonts CSS *\/<\/style>\t\t<div data-elementor-type=\"page\" data-elementor-id=\"6626\" class=\"elementor elementor-6626 elementor-1244\" data-elementor-post-type=\"elementor_library\">\n\t\t\t\t<div class=\"elementor-element elementor-element-3b4417a e-con-full e-flex e-con e-parent\" data-id=\"3b4417a\" data-element_type=\"container\">\n\t\t\t\t<div class=\"elementor-element elementor-element-b5180f8 elementor-widget__width-initial elementor-widget elementor-widget-text-editor\" data-id=\"b5180f8\" data-element_type=\"widget\" data-widget_type=\"text-editor.default\">\n\t\t\t\t<div class=\"elementor-widget-container\">\n\t\t\t\t\t\t\t\t\t<p>Interior and industrial designer, Francesc Rif\u00e9 (Sant Sadurn\u00ed d&#8217;Anoia, 1969) founded his own studio in Barcelona in 1994. Influenced by minimalism and following a family tradition linked to craftsmanship, his work focuses on ways of approaching material honesty, spatial order and geometric proportion.<\/p><p>\u00a0<\/p><p>Currently, Francesc Rif\u00e9 leads a team of professionals from various fields of design. His national and international projects range from interior design to industrial design in the commercial and private sectors. Throughout his career, Rif\u00e9 has won design awards such as Contract World, Red Dot, ICFF Editors, HiP in Chicago, FAD, and several ASCER awards.<\/p><p>\u00a0<\/p><p>His work has been widely published in the general press as well as in specialized publications and books around the world. In addition, several books have been published with his most outstanding works. He currently works and conducts workshops and lectures.<\/p>\t\t\t\t\t\t\t\t<\/div>\n\t\t\t\t<\/div>\n\t\t<div class=\"elementor-element elementor-element-7e083a6 e-con-full e-flex e-con e-child\" data-id=\"7e083a6\" data-element_type=\"container\">\n\t\t\t\t<div class=\"elementor-element elementor-element-428d7da elementor-widget elementor-widget-button\" data-id=\"428d7da\" data-element_type=\"widget\" data-widget_type=\"button.default\">\n\t\t\t\t<div class=\"elementor-widget-container\">\n\t\t\t\t\t\t\t\t\t<div class=\"elementor-button-wrapper\">\n\t\t\t\t\t<a class=\"elementor-button elementor-button-link elementor-size-sm\" href=\"https:\/\/omeletteeditions.com\/en\/productos\/mesas\/ox\/\">\n\t\t\t\t\t\t<span class=\"elementor-button-content-wrapper\">\n\t\t\t\t\t\t\t\t\t<span class=\"elementor-button-text\">Ox<\/span>\n\t\t\t\t\t<\/span>\n\t\t\t\t\t<\/a>\n\t\t\t\t<\/div>\n\t\t\t\t\t\t\t\t<\/div>\n\t\t\t\t<\/div>\n\t\t\t\t<\/div>\n\t\t\t\t<\/div>\n\t\t\t\t<\/div>\n\t\t\t\t\t\t\t<\/div>\n\n\n\t\t\t\t\t<div class=\"premium-msection-close\">\n\t\t\t\t\t\t\t\t\t\t\t\t\t<i class=\"premium-msection-close-icon eicon-close\"><\/i>\n\t\t\t\t\t\t\t\t\t\t\t<\/div>\n\n\t\t\t\t\t\n\n\t\t\t<\/div>\n\n\t\t\t\n\t\t\t\t<div class=\"premium-msection-button-trig\" data-float=\"\">\n\t\t\t\t\t\t\t\t<button class=\"premium-button-none  premium-msection-btn premium-btn-lg\" data-text=\"Bio\">\n\n\t\t\t<svg xmlns=\"http:\/\/www.w3.org\/2000\/svg\" width=\"16\" height=\"16\" viewBox=\"0 0 16 16\" fill=\"none\"><circle cx=\"8\" cy=\"8\" r=\"7.5\" stroke=\"black\"><\/circle><\/svg>\n\t\t\t\t\t\t\t<div class=\"premium-button-text-icon-wrapper\">\n\t\t\t\t\t<span class=\"premium-msection-btn-text\">\n\t\t\t\t\t\tBio\t\t\t\t\t<\/span>\n\t\t\t\t<\/div>\n\t\t\t\n\t\t\t\n\t\t\t\n\t\t\t<\/button>\n\t\t\t\t\t\t\t\t<\/div>\n\n\t\t\t\n\t\t<\/div>\n\n\t\t<div class=\"premium-msection-overlay-6bdacf2 premium-msection-overlay premium-addons__v-hidden\"><\/div>\n\n\t\t\t\t\t\t<\/div>\n\t\t\t\t<\/div>\n\t\t\t\t<\/div>\n\t\t<div class=\"elementor-element elementor-element-ec54a56 designer-img e-flex e-con-boxed e-con e-parent\" data-id=\"ec54a56\" data-element_type=\"container\">\n\t\t\t\t\t<div class=\"e-con-inner\">\n\t\t\t\t<div class=\"elementor-element elementor-element-998dd1b elementor-widget elementor-widget-image\" data-id=\"998dd1b\" data-element_type=\"widget\" data-widget_type=\"image.default\">\n\t\t\t\t<div class=\"elementor-widget-container\">\n\t\t\t\t\t\t\t\t\t\t\t\t\t\t\t<img decoding=\"async\" src=\"https:\/\/omeletteeditions.com\/wp-content\/uploads\/2024\/01\/Francesc-Rife.jpg\" title=\"\" alt=\"\" loading=\"lazy\" \/>\t\t\t\t\t\t\t\t\t\t\t\t\t\t\t<\/div>\n\t\t\t\t<\/div>\n\t\t\t\t<div class=\"elementor-element elementor-element-64d2482 elementor-hidden-desktop elementor-hidden-tablet elementor-widget elementor-widget-text-editor\" data-id=\"64d2482\" data-element_type=\"widget\" data-widget_type=\"text-editor.default\">\n\t\t\t\t<div class=\"elementor-widget-container\">\n\t\t\t\t\t\t\t\t\t<p>Interior and industrial designer, Francesc Rif\u00e9 (Sant Sadurn\u00ed d\u2019Anoia, 1969) founded his own studio in Barcelona in 1994. Influenced by minimalism and following a family tradition linked to craftsmanship, his work focuses on ways of approaching material honesty, spatial order and geometric proportion.<\/p>\n<p>Currently, Francesc Rif\u00e9 leads a team of professionals from various fields of design. His national and international projects range from interior design to industrial design in the commercial and private sectors. Throughout his career, Rif\u00e9 has won design awards such as Contract World, Red Dot, ICFF Editors, HiP in Chicago, FAD, and several ASCER awards.<\/p>\n<p>His work has been widely published in the general press as well as in specialized publications and books around the world. In addition, several books have been published with his most outstanding works. He currently works and conducts workshops and lectures.<\/p>\n\t\t\t\t\t\t\t\t<\/div>\n\t\t\t\t<\/div>\n\t\t\t\t\t<\/div>\n\t\t\t\t<\/div>\n\t\t<div class=\"elementor-element elementor-element-b044fea e-con-full elementor-hidden-desktop elementor-hidden-tablet e-flex e-con e-parent\" data-id=\"b044fea\" data-element_type=\"container\">\n\t\t\t\t<div class=\"elementor-element elementor-element-9fd486b elementor-widget elementor-widget-button\" data-id=\"9fd486b\" data-element_type=\"widget\" data-widget_type=\"button.default\">\n\t\t\t\t<div class=\"elementor-widget-container\">\n\t\t\t\t\t\t\t\t\t<div class=\"elementor-button-wrapper\">\n\t\t\t\t\t<a class=\"elementor-button elementor-button-link elementor-size-sm\" href=\"https:\/\/omeletteeditions.com\/en\/productos\/mesas\/ox\/\">\n\t\t\t\t\t\t<span class=\"elementor-button-content-wrapper\">\n\t\t\t\t\t\t\t\t\t<span class=\"elementor-button-text\">Table Ox<\/span>\n\t\t\t\t\t<\/span>\n\t\t\t\t\t<\/a>\n\t\t\t\t<\/div>\n\t\t\t\t\t\t\t\t<\/div>\n\t\t\t\t<\/div>\n\t\t\t\t<\/div>\n\t\t\t\t<\/div>\n\t\t","protected":false},"excerpt":{"rendered":"<p>Interior and industrial designer, Francesc Rif\u00e9 (Sant Sadurn\u00ed d&#8217;Anoia, 1969) founded his own studio in Barcelona in 1994. Influenced by minimalism and following a family tradition linked to craftsmanship, his work focuses on ways of approaching material honesty, spatial order and geometric proportion. \u00a0 Currently, Francesc Rif\u00e9 leads a team of professionals from various fields &hellip;<\/p>\n<p class=\"read-more\"> <a class=\"\" href=\"https:\/\/omeletteeditions.com\/en\/designers\/francesc-rife\/\"> <span class=\"screen-reader-text\">Francesc Rif\u00e9<\/span> Read More &raquo;<\/a><\/p>\n","protected":false},"author":1,"featured_media":5511,"parent":5905,"menu_order":0,"comment_status":"closed","ping_status":"closed","template":"","meta":{"_acf_changed":false,"site-sidebar-layout":"no-sidebar","site-content-layout":"page-builder","ast-site-content-layout":"","site-content-style":"default","site-sidebar-style":"default","ast-global-header-display":"","ast-banner-title-visibility":"","ast-main-header-display":"","ast-hfb-above-header-display":"","ast-hfb-below-header-display":"","ast-hfb-mobile-header-display":"","site-post-title":"disabled","ast-breadcrumbs-content":"","ast-featured-img":"disabled","footer-sml-layout":"","theme-transparent-header-meta":"","adv-header-id-meta":"","stick-header-meta":"","header-above-stick-meta":"","header-main-stick-meta":"","header-below-stick-meta":"","astra-migrate-meta-layouts":"","ast-page-background-enabled":"default","ast-page-background-meta":{"desktop":{"background-color":"var(--ast-global-color-4)","background-image":"","background-repeat":"repeat","background-position":"center center","background-size":"auto","background-attachment":"scroll","background-type":"","background-media":"","overlay-type":"","overlay-color":"","overlay-gradient":""},"tablet":{"background-color":"","background-image":"","background-repeat":"repeat","background-position":"center center","background-size":"auto","background-attachment":"scroll","background-type":"","background-media":"","overlay-type":"","overlay-color":"","overlay-gradient":""},"mobile":{"background-color":"","background-image":"","background-repeat":"repeat","background-position":"center center","background-size":"auto","background-attachment":"scroll","background-type":"","background-media":"","overlay-type":"","overlay-color":"","overlay-gradient":""}},"ast-content-background-meta":{"desktop":{"background-color":"var(--ast-global-color-5)","background-image":"","background-repeat":"repeat","background-position":"center center","background-size":"auto","background-attachment":"scroll","background-type":"","background-media":"","overlay-type":"","overlay-color":"","overlay-gradient":""},"tablet":{"background-color":"var(--ast-global-color-5)","background-image":"","background-repeat":"repeat","background-position":"center center","background-size":"auto","background-attachment":"scroll","background-type":"","background-media":"","overlay-type":"","overlay-color":"","overlay-gradient":""},"mobile":{"background-color":"var(--ast-global-color-5)","background-image":"","background-repeat":"repeat","background-position":"center center","background-size":"auto","background-attachment":"scroll","background-type":"","background-media":"","overlay-type":"","overlay-color":"","overlay-gradient":""}},"_joinchat":[],"footnotes":""},"class_list":["post-5897","page","type-page","status-publish","has-post-thumbnail","hentry"],"acf":[],"yoast_head":"<!-- This site is optimized with the Yoast SEO plugin v26.1.1 - https:\/\/yoast.com\/wordpress\/plugins\/seo\/ -->\n<title>Francesc Rif\u00e9 - Omelette Editions<\/title>\n<meta name=\"robots\" content=\"index, follow, max-snippet:-1, max-image-preview:large, max-video-preview:-1\" \/>\n<link rel=\"canonical\" href=\"https:\/\/omeletteeditions.com\/en\/designers\/francesc-rife\/\" \/>\n<meta property=\"og:locale\" content=\"en_US\" \/>\n<meta property=\"og:type\" content=\"article\" \/>\n<meta property=\"og:title\" content=\"Francesc Rif\u00e9 - Omelette Editions\" \/>\n<meta property=\"og:description\" content=\"Interior and industrial designer, Francesc Rif\u00e9 (Sant Sadurn\u00ed d&#8217;Anoia, 1969) founded his own studio in Barcelona in 1994. Influenced by minimalism and following a family tradition linked to craftsmanship, his work focuses on ways of approaching material honesty, spatial order and geometric proportion. \u00a0 Currently, Francesc Rif\u00e9 leads a team of professionals from various fields &hellip; Francesc Rif\u00e9 Read More &raquo;\" \/>\n<meta property=\"og:url\" content=\"https:\/\/omeletteeditions.com\/en\/designers\/francesc-rife\/\" \/>\n<meta property=\"og:site_name\" content=\"Omelette Editions\" \/>\n<meta property=\"article:modified_time\" content=\"2024-11-14T11:07:04+00:00\" \/>\n<meta property=\"og:image\" content=\"https:\/\/omeletteeditions.com\/wp-content\/uploads\/2023\/09\/Francesc-Rife.jpg\" \/>\n\t<meta property=\"og:image:width\" content=\"1800\" \/>\n\t<meta property=\"og:image:height\" content=\"1800\" \/>\n\t<meta property=\"og:image:type\" content=\"image\/jpeg\" \/>\n<meta name=\"twitter:card\" content=\"summary_large_image\" \/>\n<meta name=\"twitter:label1\" content=\"Est. reading time\" \/>\n\t<meta name=\"twitter:data1\" content=\"3 minutes\" \/>\n<script type=\"application\/ld+json\" class=\"yoast-schema-graph\">{\"@context\":\"https:\/\/schema.org\",\"@graph\":[{\"@type\":\"WebPage\",\"@id\":\"https:\/\/omeletteeditions.com\/en\/designers\/francesc-rife\/\",\"url\":\"https:\/\/omeletteeditions.com\/en\/designers\/francesc-rife\/\",\"name\":\"Francesc Rif\u00e9 - Omelette Editions\",\"isPartOf\":{\"@id\":\"https:\/\/omeletteeditions.com\/en\/#website\"},\"primaryImageOfPage\":{\"@id\":\"https:\/\/omeletteeditions.com\/en\/designers\/francesc-rife\/#primaryimage\"},\"image\":{\"@id\":\"https:\/\/omeletteeditions.com\/en\/designers\/francesc-rife\/#primaryimage\"},\"thumbnailUrl\":\"https:\/\/omeletteeditions.com\/wp-content\/uploads\/2023\/09\/Francesc-Rife.jpg\",\"datePublished\":\"2023-09-14T08:21:31+00:00\",\"dateModified\":\"2024-11-14T11:07:04+00:00\",\"breadcrumb\":{\"@id\":\"https:\/\/omeletteeditions.com\/en\/designers\/francesc-rife\/#breadcrumb\"},\"inLanguage\":\"en-US\",\"potentialAction\":[{\"@type\":\"ReadAction\",\"target\":[\"https:\/\/omeletteeditions.com\/en\/designers\/francesc-rife\/\"]}]},{\"@type\":\"ImageObject\",\"inLanguage\":\"en-US\",\"@id\":\"https:\/\/omeletteeditions.com\/en\/designers\/francesc-rife\/#primaryimage\",\"url\":\"https:\/\/omeletteeditions.com\/wp-content\/uploads\/2023\/09\/Francesc-Rife.jpg\",\"contentUrl\":\"https:\/\/omeletteeditions.com\/wp-content\/uploads\/2023\/09\/Francesc-Rife.jpg\",\"width\":1800,\"height\":1800},{\"@type\":\"BreadcrumbList\",\"@id\":\"https:\/\/omeletteeditions.com\/en\/designers\/francesc-rife\/#breadcrumb\",\"itemListElement\":[{\"@type\":\"ListItem\",\"position\":1,\"name\":\"Portada\",\"item\":\"https:\/\/omeletteeditions.com\/en\/\"},{\"@type\":\"ListItem\",\"position\":2,\"name\":\"Designers\",\"item\":\"https:\/\/omeletteeditions.com\/en\/designers\/\"},{\"@type\":\"ListItem\",\"position\":3,\"name\":\"Francesc Rif\u00e9\"}]},{\"@type\":\"WebSite\",\"@id\":\"https:\/\/omeletteeditions.com\/en\/#website\",\"url\":\"https:\/\/omeletteeditions.com\/en\/\",\"name\":\"Omelette Editions\",\"description\":\"\",\"potentialAction\":[{\"@type\":\"SearchAction\",\"target\":{\"@type\":\"EntryPoint\",\"urlTemplate\":\"https:\/\/omeletteeditions.com\/en\/?s={search_term_string}\"},\"query-input\":{\"@type\":\"PropertyValueSpecification\",\"valueRequired\":true,\"valueName\":\"search_term_string\"}}],\"inLanguage\":\"en-US\"}]}<\/script>\n<!-- \/ Yoast SEO plugin. -->","yoast_head_json":{"title":"Francesc Rif\u00e9 - Omelette Editions","robots":{"index":"index","follow":"follow","max-snippet":"max-snippet:-1","max-image-preview":"max-image-preview:large","max-video-preview":"max-video-preview:-1"},"canonical":"https:\/\/omeletteeditions.com\/en\/designers\/francesc-rife\/","og_locale":"en_US","og_type":"article","og_title":"Francesc Rif\u00e9 - Omelette Editions","og_description":"Interior and industrial designer, Francesc Rif\u00e9 (Sant Sadurn\u00ed d&#8217;Anoia, 1969) founded his own studio in Barcelona in 1994. Influenced by minimalism and following a family tradition linked to craftsmanship, his work focuses on ways of approaching material honesty, spatial order and geometric proportion. \u00a0 Currently, Francesc Rif\u00e9 leads a team of professionals from various fields &hellip; Francesc Rif\u00e9 Read More &raquo;","og_url":"https:\/\/omeletteeditions.com\/en\/designers\/francesc-rife\/","og_site_name":"Omelette Editions","article_modified_time":"2024-11-14T11:07:04+00:00","og_image":[{"width":1800,"height":1800,"url":"https:\/\/omeletteeditions.com\/wp-content\/uploads\/2023\/09\/Francesc-Rife.jpg","type":"image\/jpeg"}],"twitter_card":"summary_large_image","twitter_misc":{"Est. reading time":"3 minutes"},"schema":{"@context":"https:\/\/schema.org","@graph":[{"@type":"WebPage","@id":"https:\/\/omeletteeditions.com\/en\/designers\/francesc-rife\/","url":"https:\/\/omeletteeditions.com\/en\/designers\/francesc-rife\/","name":"Francesc Rif\u00e9 - Omelette Editions","isPartOf":{"@id":"https:\/\/omeletteeditions.com\/en\/#website"},"primaryImageOfPage":{"@id":"https:\/\/omeletteeditions.com\/en\/designers\/francesc-rife\/#primaryimage"},"image":{"@id":"https:\/\/omeletteeditions.com\/en\/designers\/francesc-rife\/#primaryimage"},"thumbnailUrl":"https:\/\/omeletteeditions.com\/wp-content\/uploads\/2023\/09\/Francesc-Rife.jpg","datePublished":"2023-09-14T08:21:31+00:00","dateModified":"2024-11-14T11:07:04+00:00","breadcrumb":{"@id":"https:\/\/omeletteeditions.com\/en\/designers\/francesc-rife\/#breadcrumb"},"inLanguage":"en-US","potentialAction":[{"@type":"ReadAction","target":["https:\/\/omeletteeditions.com\/en\/designers\/francesc-rife\/"]}]},{"@type":"ImageObject","inLanguage":"en-US","@id":"https:\/\/omeletteeditions.com\/en\/designers\/francesc-rife\/#primaryimage","url":"https:\/\/omeletteeditions.com\/wp-content\/uploads\/2023\/09\/Francesc-Rife.jpg","contentUrl":"https:\/\/omeletteeditions.com\/wp-content\/uploads\/2023\/09\/Francesc-Rife.jpg","width":1800,"height":1800},{"@type":"BreadcrumbList","@id":"https:\/\/omeletteeditions.com\/en\/designers\/francesc-rife\/#breadcrumb","itemListElement":[{"@type":"ListItem","position":1,"name":"Portada","item":"https:\/\/omeletteeditions.com\/en\/"},{"@type":"ListItem","position":2,"name":"Designers","item":"https:\/\/omeletteeditions.com\/en\/designers\/"},{"@type":"ListItem","position":3,"name":"Francesc Rif\u00e9"}]},{"@type":"WebSite","@id":"https:\/\/omeletteeditions.com\/en\/#website","url":"https:\/\/omeletteeditions.com\/en\/","name":"Omelette Editions","description":"","potentialAction":[{"@type":"SearchAction","target":{"@type":"EntryPoint","urlTemplate":"https:\/\/omeletteeditions.com\/en\/?s={search_term_string}"},"query-input":{"@type":"PropertyValueSpecification","valueRequired":true,"valueName":"search_term_string"}}],"inLanguage":"en-US"}]}},"_links":{"self":[{"href":"https:\/\/omeletteeditions.com\/en\/wp-json\/wp\/v2\/pages\/5897","targetHints":{"allow":["GET"]}}],"collection":[{"href":"https:\/\/omeletteeditions.com\/en\/wp-json\/wp\/v2\/pages"}],"about":[{"href":"https:\/\/omeletteeditions.com\/en\/wp-json\/wp\/v2\/types\/page"}],"author":[{"embeddable":true,"href":"https:\/\/omeletteeditions.com\/en\/wp-json\/wp\/v2\/users\/1"}],"replies":[{"embeddable":true,"href":"https:\/\/omeletteeditions.com\/en\/wp-json\/wp\/v2\/comments?post=5897"}],"version-history":[{"count":5,"href":"https:\/\/omeletteeditions.com\/en\/wp-json\/wp\/v2\/pages\/5897\/revisions"}],"predecessor-version":[{"id":7923,"href":"https:\/\/omeletteeditions.com\/en\/wp-json\/wp\/v2\/pages\/5897\/revisions\/7923"}],"up":[{"embeddable":true,"href":"https:\/\/omeletteeditions.com\/en\/wp-json\/wp\/v2\/pages\/5905"}],"wp:featuredmedia":[{"embeddable":true,"href":"https:\/\/omeletteeditions.com\/en\/wp-json\/wp\/v2\/media\/5511"}],"wp:attachment":[{"href":"https:\/\/omeletteeditions.com\/en\/wp-json\/wp\/v2\/media?parent=5897"}],"curies":[{"name":"wp","href":"https:\/\/api.w.org\/{rel}","templated":true}]}}