{"id":5905,"date":"2023-09-05T11:46:08","date_gmt":"2023-09-05T09:46:08","guid":{"rendered":"https:\/\/omeletteeditions.com\/disenadorxs\/"},"modified":"2025-12-16T10:52:33","modified_gmt":"2025-12-16T09:52:33","slug":"designers","status":"publish","type":"page","link":"https:\/\/omeletteeditions.com\/en\/designers\/","title":{"rendered":"Designers"},"content":{"rendered":"\t\t<div data-elementor-type=\"wp-page\" data-elementor-id=\"5905\" class=\"elementor elementor-5905 elementor-282\" data-elementor-post-type=\"page\">\n\t\t\t\t<div class=\"elementor-element elementor-element-68ed5d6 designers-content e-flex e-con-boxed e-con e-parent\" data-id=\"68ed5d6\" data-element_type=\"container\">\n\t\t\t\t\t<div class=\"e-con-inner\">\n\t\t<div class=\"elementor-element elementor-element-5169687 e-flex e-con-boxed e-con e-child\" data-id=\"5169687\" data-element_type=\"container\">\n\t\t\t\t\t<div class=\"e-con-inner\">\n\t\t\t\t<div class=\"elementor-element elementor-element-4ad6d23 elementor-widget elementor-widget-heading\" data-id=\"4ad6d23\" data-element_type=\"widget\" data-widget_type=\"heading.default\">\n\t\t\t\t<div class=\"elementor-widget-container\">\n\t\t\t\t\t<h2 class=\"elementor-heading-title elementor-size-default\"><a href=\"https:\/\/omeletteeditions.com\/en\/designers\/francesc-rife\/\">Francesc Rif\u00e9<\/a><\/h2>\t\t\t\t<\/div>\n\t\t\t\t<\/div>\n\t\t\t\t<div class=\"elementor-element elementor-element-1a679c0 elementor-widget elementor-widget-image\" data-id=\"1a679c0\" data-element_type=\"widget\" data-widget_type=\"image.default\">\n\t\t\t\t<div class=\"elementor-widget-container\">\n\t\t\t\t\t\t\t\t\t\t\t\t\t\t\t\t<a href=\"https:\/\/omeletteeditions.com\/en\/designers\/francesc-rife\/\">\n\t\t\t\t\t\t\t<img decoding=\"async\" src=\"https:\/\/omeletteeditions.com\/wp-content\/uploads\/2024\/01\/Francesc-Rife.jpg\" title=\"\" alt=\"\" loading=\"lazy\" \/>\t\t\t\t\t\t\t\t<\/a>\n\t\t\t\t\t\t\t\t\t\t\t\t\t\t\t<\/div>\n\t\t\t\t<\/div>\n\t\t\t\t<div class=\"elementor-element elementor-element-12ddc2e elementor-widget elementor-widget-heading\" data-id=\"12ddc2e\" data-element_type=\"widget\" data-widget_type=\"heading.default\">\n\t\t\t\t<div class=\"elementor-widget-container\">\n\t\t\t\t\t<h2 class=\"elementor-heading-title elementor-size-default\"><a href=\"https:\/\/omeletteeditions.com\/en\/designers\/isern-serra\/\">Isern Serra<\/a><\/h2>\t\t\t\t<\/div>\n\t\t\t\t<\/div>\n\t\t\t\t<div class=\"elementor-element elementor-element-14f1c37 elementor-widget elementor-widget-image\" data-id=\"14f1c37\" data-element_type=\"widget\" data-widget_type=\"image.default\">\n\t\t\t\t<div class=\"elementor-widget-container\">\n\t\t\t\t\t\t\t\t\t\t\t\t\t\t\t\t<a href=\"https:\/\/omeletteeditions.com\/en\/designers\/isern-serra\/\">\n\t\t\t\t\t\t\t<img loading=\"lazy\" decoding=\"async\" width=\"1097\" height=\"1536\" src=\"https:\/\/omeletteeditions.com\/wp-content\/uploads\/2025\/12\/Omelette-Editions_Disenadores_Isern-Serra-1097x1536.jpg\" class=\"attachment-1536x1536 size-1536x1536 wp-image-95726\" alt=\"\" srcset=\"https:\/\/omeletteeditions.com\/wp-content\/uploads\/2025\/12\/Omelette-Editions_Disenadores_Isern-Serra-1097x1536.jpg 1097w, https:\/\/omeletteeditions.com\/wp-content\/uploads\/2025\/12\/Omelette-Editions_Disenadores_Isern-Serra-214x300.jpg 214w, https:\/\/omeletteeditions.com\/wp-content\/uploads\/2025\/12\/Omelette-Editions_Disenadores_Isern-Serra-731x1024.jpg 731w, https:\/\/omeletteeditions.com\/wp-content\/uploads\/2025\/12\/Omelette-Editions_Disenadores_Isern-Serra-768x1075.jpg 768w, https:\/\/omeletteeditions.com\/wp-content\/uploads\/2025\/12\/Omelette-Editions_Disenadores_Isern-Serra-1463x2048.jpg 1463w, https:\/\/omeletteeditions.com\/wp-content\/uploads\/2025\/12\/Omelette-Editions_Disenadores_Isern-Serra-scaled.jpg 1829w\" sizes=\"auto, (max-width: 1097px) 100vw, 1097px\" \/>\t\t\t\t\t\t\t\t<\/a>\n\t\t\t\t\t\t\t\t\t\t\t\t\t\t\t<\/div>\n\t\t\t\t<\/div>\n\t\t\t\t\t<\/div>\n\t\t\t\t<\/div>\n\t\t<div class=\"elementor-element elementor-element-dcb7b11 e-flex e-con-boxed e-con e-child\" data-id=\"dcb7b11\" data-element_type=\"container\">\n\t\t\t\t\t<div class=\"e-con-inner\">\n\t\t\t\t<div class=\"elementor-element elementor-element-189595b elementor-widget elementor-widget-heading\" data-id=\"189595b\" data-element_type=\"widget\" data-widget_type=\"heading.default\">\n\t\t\t\t<div class=\"elementor-widget-container\">\n\t\t\t\t\t<h2 class=\"elementor-heading-title elementor-size-default\"><a href=\"https:\/\/omeletteeditions.com\/en\/designers\/altherr-desile-park\/\">Altherr D\u00e9sile Park<\/a><\/h2>\t\t\t\t<\/div>\n\t\t\t\t<\/div>\n\t\t\t\t<div class=\"elementor-element elementor-element-f41cd46 elementor-widget elementor-widget-image\" data-id=\"f41cd46\" data-element_type=\"widget\" data-widget_type=\"image.default\">\n\t\t\t\t<div class=\"elementor-widget-container\">\n\t\t\t\t\t\t\t\t\t\t\t\t\t\t\t\t<a href=\"https:\/\/omeletteeditions.com\/en\/designers\/altherr-desile-park\/\">\n\t\t\t\t\t\t\t<img decoding=\"async\" src=\"https:\/\/omeletteeditions.com\/wp-content\/uploads\/2024\/01\/Altherr-Desile-Park.jpg\" title=\"\" alt=\"\" loading=\"lazy\" \/>\t\t\t\t\t\t\t\t<\/a>\n\t\t\t\t\t\t\t\t\t\t\t\t\t\t\t<\/div>\n\t\t\t\t<\/div>\n\t\t\t\t\t<\/div>\n\t\t\t\t<\/div>\n\t\t<div class=\"elementor-element elementor-element-40958d5 elementor-hidden-desktop elementor-hidden-tablet elementor-hidden-mobile e-flex e-con-boxed e-con e-child\" data-id=\"40958d5\" data-element_type=\"container\">\n\t\t\t\t\t<div class=\"e-con-inner\">\n\t\t\t\t<div class=\"elementor-element elementor-element-5c3d41d elementor-widget elementor-widget-heading\" data-id=\"5c3d41d\" data-element_type=\"widget\" data-widget_type=\"heading.default\">\n\t\t\t\t<div class=\"elementor-widget-container\">\n\t\t\t\t\t<h2 class=\"elementor-heading-title elementor-size-default\"><a href=\"https:\/\/omeletteeditions.com\/disenadorxs\/iratzoki-lizaso\/\">Iratzoki <br>\nLizaso<\/a><\/h2>\t\t\t\t<\/div>\n\t\t\t\t<\/div>\n\t\t\t\t<div class=\"elementor-element elementor-element-69eb68e elementor-widget elementor-widget-image\" data-id=\"69eb68e\" data-element_type=\"widget\" data-widget_type=\"image.default\">\n\t\t\t\t<div class=\"elementor-widget-container\">\n\t\t\t\t\t\t\t\t\t\t\t\t\t\t\t\t<a href=\"https:\/\/omeletteeditions.com\/disenadorxs\/iratzoki-lizaso\/\">\n\t\t\t\t\t\t\t<img decoding=\"async\" src=\"https:\/\/omeletteeditions.com\/wp-content\/uploads\/2024\/01\/Iratzoki-Lizaso.jpg\" title=\"\" alt=\"\" loading=\"lazy\" \/>\t\t\t\t\t\t\t\t<\/a>\n\t\t\t\t\t\t\t\t\t\t\t\t\t\t\t<\/div>\n\t\t\t\t<\/div>\n\t\t\t\t\t<\/div>\n\t\t\t\t<\/div>\n\t\t<div class=\"elementor-element elementor-element-5823beb e-flex e-con-boxed e-con e-child\" data-id=\"5823beb\" data-element_type=\"container\">\n\t\t\t\t\t<div class=\"e-con-inner\">\n\t\t\t\t<div class=\"elementor-element elementor-element-41be0e3 elementor-widget elementor-widget-heading\" data-id=\"41be0e3\" data-element_type=\"widget\" data-widget_type=\"heading.default\">\n\t\t\t\t<div class=\"elementor-widget-container\">\n\t\t\t\t\t<h2 class=\"elementor-heading-title elementor-size-default\"><a href=\"https:\/\/omeletteeditions.com\/en\/designers\/isaac-pineiro\/\">Isaac Pi\u00f1eiro<\/a><\/h2>\t\t\t\t<\/div>\n\t\t\t\t<\/div>\n\t\t\t\t<div class=\"elementor-element elementor-element-369abdd elementor-widget elementor-widget-image\" data-id=\"369abdd\" data-element_type=\"widget\" data-widget_type=\"image.default\">\n\t\t\t\t<div class=\"elementor-widget-container\">\n\t\t\t\t\t\t\t\t\t\t\t\t\t\t\t\t<a href=\"https:\/\/omeletteeditions.com\/en\/designers\/isaac-pineiro\/\">\n\t\t\t\t\t\t\t<img decoding=\"async\" src=\"https:\/\/omeletteeditions.com\/wp-content\/uploads\/2024\/01\/Isaac-Pineiro.jpg\" title=\"\" alt=\"\" loading=\"lazy\" \/>\t\t\t\t\t\t\t\t<\/a>\n\t\t\t\t\t\t\t\t\t\t\t\t\t\t\t<\/div>\n\t\t\t\t<\/div>\n\t\t\t\t\t<\/div>\n\t\t\t\t<\/div>\n\t\t<div class=\"elementor-element elementor-element-7b91a39 e-flex e-con-boxed e-con e-child\" data-id=\"7b91a39\" data-element_type=\"container\">\n\t\t\t\t\t<div class=\"e-con-inner\">\n\t\t\t\t<div class=\"elementor-element elementor-element-6827ad3 elementor-widget elementor-widget-heading\" data-id=\"6827ad3\" data-element_type=\"widget\" data-widget_type=\"heading.default\">\n\t\t\t\t<div class=\"elementor-widget-container\">\n\t\t\t\t\t<h2 class=\"elementor-heading-title elementor-size-default\"><a href=\"https:\/\/omeletteeditions.com\/en\/designers\/ana-motta\/\">Ana Motta<\/a><\/h2>\t\t\t\t<\/div>\n\t\t\t\t<\/div>\n\t\t\t\t<div class=\"elementor-element elementor-element-4a09aeb elementor-widget elementor-widget-image\" data-id=\"4a09aeb\" data-element_type=\"widget\" data-widget_type=\"image.default\">\n\t\t\t\t<div class=\"elementor-widget-container\">\n\t\t\t\t\t\t\t\t\t\t\t\t\t\t\t\t<a href=\"https:\/\/omeletteeditions.com\/en\/designers\/ana-motta\/\">\n\t\t\t\t\t\t\t<img loading=\"lazy\" decoding=\"async\" width=\"1024\" height=\"1024\" src=\"https:\/\/omeletteeditions.com\/wp-content\/uploads\/2023\/09\/Ana-Motta-1024x1024.jpg\" class=\"attachment-large size-large wp-image-5510\" alt=\"\" srcset=\"https:\/\/omeletteeditions.com\/wp-content\/uploads\/2023\/09\/Ana-Motta-1024x1024.jpg 1024w, https:\/\/omeletteeditions.com\/wp-content\/uploads\/2023\/09\/Ana-Motta-300x300.jpg 300w, https:\/\/omeletteeditions.com\/wp-content\/uploads\/2023\/09\/Ana-Motta-150x150.jpg 150w, https:\/\/omeletteeditions.com\/wp-content\/uploads\/2023\/09\/Ana-Motta-768x768.jpg 768w, https:\/\/omeletteeditions.com\/wp-content\/uploads\/2023\/09\/Ana-Motta-1536x1536.jpg 1536w, https:\/\/omeletteeditions.com\/wp-content\/uploads\/2023\/09\/Ana-Motta-700x700.jpg 700w, https:\/\/omeletteeditions.com\/wp-content\/uploads\/2023\/09\/Ana-Motta.jpg 1800w\" sizes=\"auto, (max-width: 1024px) 100vw, 1024px\" \/>\t\t\t\t\t\t\t\t<\/a>\n\t\t\t\t\t\t\t\t\t\t\t\t\t\t\t<\/div>\n\t\t\t\t<\/div>\n\t\t\t\t\t<\/div>\n\t\t\t\t<\/div>\n\t\t<div class=\"elementor-element elementor-element-f055ba2 e-flex e-con-boxed e-con e-child\" data-id=\"f055ba2\" data-element_type=\"container\">\n\t\t\t\t\t<div class=\"e-con-inner\">\n\t\t\t\t<div class=\"elementor-element elementor-element-a1067a5 elementor-widget elementor-widget-heading\" data-id=\"a1067a5\" data-element_type=\"widget\" data-widget_type=\"heading.default\">\n\t\t\t\t<div class=\"elementor-widget-container\">\n\t\t\t\t\t<h2 class=\"elementor-heading-title elementor-size-default\"><a href=\"https:\/\/omeletteeditions.com\/en\/designers\/omayra-maymo\/\">Omayra Maym\u00f3<\/a><\/h2>\t\t\t\t<\/div>\n\t\t\t\t<\/div>\n\t\t\t\t<div class=\"elementor-element elementor-element-0a2654b elementor-widget elementor-widget-image\" data-id=\"0a2654b\" data-element_type=\"widget\" data-widget_type=\"image.default\">\n\t\t\t\t<div class=\"elementor-widget-container\">\n\t\t\t\t\t\t\t\t\t\t\t\t\t\t\t\t<a href=\"https:\/\/omeletteeditions.com\/en\/designers\/omayra-maymo\/\">\n\t\t\t\t\t\t\t<img decoding=\"async\" src=\"https:\/\/omeletteeditions.com\/wp-content\/uploads\/2024\/01\/Omayra-Maymo.jpg\" title=\"\" alt=\"\" loading=\"lazy\" \/>\t\t\t\t\t\t\t\t<\/a>\n\t\t\t\t\t\t\t\t\t\t\t\t\t\t\t<\/div>\n\t\t\t\t<\/div>\n\t\t\t\t\t<\/div>\n\t\t\t\t<\/div>\n\t\t<div class=\"elementor-element elementor-element-ecc31ce e-flex e-con-boxed e-con e-child\" data-id=\"ecc31ce\" data-element_type=\"container\">\n\t\t\t\t\t<div class=\"e-con-inner\">\n\t\t\t\t<div class=\"elementor-element elementor-element-4799538 elementor-widget elementor-widget-heading\" data-id=\"4799538\" data-element_type=\"widget\" data-widget_type=\"heading.default\">\n\t\t\t\t<div class=\"elementor-widget-container\">\n\t\t\t\t\t<h2 class=\"elementor-heading-title elementor-size-default\"><a href=\"https:\/\/omeletteeditions.com\/en\/designers\/mut-design\/\">MUT Design<\/a><\/h2>\t\t\t\t<\/div>\n\t\t\t\t<\/div>\n\t\t\t\t<div class=\"elementor-element elementor-element-b530083 elementor-widget elementor-widget-image\" data-id=\"b530083\" data-element_type=\"widget\" data-widget_type=\"image.default\">\n\t\t\t\t<div class=\"elementor-widget-container\">\n\t\t\t\t\t\t\t\t\t\t\t\t\t\t\t\t<a href=\"https:\/\/omeletteeditions.com\/en\/designers\/mut-design\/\">\n\t\t\t\t\t\t\t<img decoding=\"async\" src=\"https:\/\/omeletteeditions.com\/wp-content\/uploads\/2024\/01\/MUT.jpg\" title=\"\" alt=\"\" loading=\"lazy\" \/>\t\t\t\t\t\t\t\t<\/a>\n\t\t\t\t\t\t\t\t\t\t\t\t\t\t\t<\/div>\n\t\t\t\t<\/div>\n\t\t\t\t<div class=\"elementor-element elementor-element-5842d92 elementor-widget elementor-widget-heading\" data-id=\"5842d92\" data-element_type=\"widget\" data-widget_type=\"heading.default\">\n\t\t\t\t<div class=\"elementor-widget-container\">\n\t\t\t\t\t<h2 class=\"elementor-heading-title elementor-size-default\"><a href=\"https:\/\/omeletteeditions.com\/en\/designers\/mauro-federico\/\">Mauro Federico<\/a><\/h2>\t\t\t\t<\/div>\n\t\t\t\t<\/div>\n\t\t\t\t<div class=\"elementor-element elementor-element-afae094 elementor-widget elementor-widget-image\" data-id=\"afae094\" data-element_type=\"widget\" data-widget_type=\"image.default\">\n\t\t\t\t<div class=\"elementor-widget-container\">\n\t\t\t\t\t\t\t\t\t\t\t\t\t\t\t\t<a href=\"https:\/\/omeletteeditions.com\/en\/designers\/mauro-federico\/\">\n\t\t\t\t\t\t\t<img loading=\"lazy\" decoding=\"async\" width=\"1097\" height=\"1536\" src=\"https:\/\/omeletteeditions.com\/wp-content\/uploads\/2025\/12\/Omelette-Editions_Ori_3-1-1097x1536.jpg\" class=\"attachment-1536x1536 size-1536x1536 wp-image-95761\" alt=\"\" srcset=\"https:\/\/omeletteeditions.com\/wp-content\/uploads\/2025\/12\/Omelette-Editions_Ori_3-1-1097x1536.jpg 1097w, https:\/\/omeletteeditions.com\/wp-content\/uploads\/2025\/12\/Omelette-Editions_Ori_3-1-214x300.jpg 214w, https:\/\/omeletteeditions.com\/wp-content\/uploads\/2025\/12\/Omelette-Editions_Ori_3-1-731x1024.jpg 731w, https:\/\/omeletteeditions.com\/wp-content\/uploads\/2025\/12\/Omelette-Editions_Ori_3-1-768x1075.jpg 768w, https:\/\/omeletteeditions.com\/wp-content\/uploads\/2025\/12\/Omelette-Editions_Ori_3-1-1463x2048.jpg 1463w, https:\/\/omeletteeditions.com\/wp-content\/uploads\/2025\/12\/Omelette-Editions_Ori_3-1-scaled.jpg 1829w\" sizes=\"auto, (max-width: 1097px) 100vw, 1097px\" \/>\t\t\t\t\t\t\t\t<\/a>\n\t\t\t\t\t\t\t\t\t\t\t\t\t\t\t<\/div>\n\t\t\t\t<\/div>\n\t\t\t\t\t<\/div>\n\t\t\t\t<\/div>\n\t\t<div class=\"elementor-element elementor-element-a634b5d e-flex e-con-boxed e-con e-child\" data-id=\"a634b5d\" data-element_type=\"container\">\n\t\t\t\t\t<div class=\"e-con-inner\">\n\t\t\t\t<div class=\"elementor-element elementor-element-31af88a elementor-widget elementor-widget-heading\" data-id=\"31af88a\" data-element_type=\"widget\" data-widget_type=\"heading.default\">\n\t\t\t\t<div class=\"elementor-widget-container\">\n\t\t\t\t\t<h2 class=\"elementor-heading-title elementor-size-default\"><a href=\"https:\/\/omeletteeditions.com\/en\/designers\/la-mamba\/\">La Mamba<\/a><\/h2>\t\t\t\t<\/div>\n\t\t\t\t<\/div>\n\t\t\t\t<div class=\"elementor-element elementor-element-6421b9e elementor-widget elementor-widget-image\" data-id=\"6421b9e\" data-element_type=\"widget\" data-widget_type=\"image.default\">\n\t\t\t\t<div class=\"elementor-widget-container\">\n\t\t\t\t\t\t\t\t\t\t\t\t\t\t\t\t<a href=\"https:\/\/omeletteeditions.com\/en\/designers\/la-mamba\/\">\n\t\t\t\t\t\t\t<img loading=\"lazy\" decoding=\"async\" width=\"731\" height=\"1024\" src=\"https:\/\/omeletteeditions.com\/wp-content\/uploads\/2025\/11\/Omelette_web_disenadores_La-Mamba-731x1024.jpg\" class=\"attachment-large size-large wp-image-94918\" alt=\"\" srcset=\"https:\/\/omeletteeditions.com\/wp-content\/uploads\/2025\/11\/Omelette_web_disenadores_La-Mamba-731x1024.jpg 731w, https:\/\/omeletteeditions.com\/wp-content\/uploads\/2025\/11\/Omelette_web_disenadores_La-Mamba-214x300.jpg 214w, https:\/\/omeletteeditions.com\/wp-content\/uploads\/2025\/11\/Omelette_web_disenadores_La-Mamba-768x1076.jpg 768w, https:\/\/omeletteeditions.com\/wp-content\/uploads\/2025\/11\/Omelette_web_disenadores_La-Mamba-1097x1536.jpg 1097w, https:\/\/omeletteeditions.com\/wp-content\/uploads\/2025\/11\/Omelette_web_disenadores_La-Mamba.jpg 1371w\" sizes=\"auto, (max-width: 731px) 100vw, 731px\" \/>\t\t\t\t\t\t\t\t<\/a>\n\t\t\t\t\t\t\t\t\t\t\t\t\t\t\t<\/div>\n\t\t\t\t<\/div>\n\t\t\t\t\t<\/div>\n\t\t\t\t<\/div>\n\t\t\t\t\t<\/div>\n\t\t\t\t<\/div>\n\t\t\t\t<\/div>\n\t\t","protected":false},"excerpt":{"rendered":"<p>Francesc Rif\u00e9 Isern Serra Altherr D\u00e9sile Park Iratzoki Lizaso Isaac Pi\u00f1eiro Ana Motta Omayra Maym\u00f3 MUT Design Mauro Federico La Mamba<\/p>\n","protected":false},"author":1,"featured_media":0,"parent":0,"menu_order":0,"comment_status":"closed","ping_status":"closed","template":"","meta":{"_acf_changed":false,"site-sidebar-layout":"no-sidebar","site-content-layout":"page-builder","ast-site-content-layout":"","site-content-style":"default","site-sidebar-style":"default","ast-global-header-display":"","ast-banner-title-visibility":"","ast-main-header-display":"","ast-hfb-above-header-display":"","ast-hfb-below-header-display":"","ast-hfb-mobile-header-display":"","site-post-title":"disabled","ast-breadcrumbs-content":"","ast-featured-img":"disabled","footer-sml-layout":"","theme-transparent-header-meta":"","adv-header-id-meta":"","stick-header-meta":"","header-above-stick-meta":"","header-main-stick-meta":"","header-below-stick-meta":"","astra-migrate-meta-layouts":"","ast-page-background-enabled":"default","ast-page-background-meta":{"desktop":{"background-color":"var(--ast-global-color-4)","background-image":"","background-repeat":"repeat","background-position":"center center","background-size":"auto","background-attachment":"scroll","background-type":"","background-media":"","overlay-type":"","overlay-color":"","overlay-gradient":""},"tablet":{"background-color":"","background-image":"","background-repeat":"repeat","background-position":"center center","background-size":"auto","background-attachment":"scroll","background-type":"","background-media":"","overlay-type":"","overlay-color":"","overlay-gradient":""},"mobile":{"background-color":"","background-image":"","background-repeat":"repeat","background-position":"center center","background-size":"auto","background-attachment":"scroll","background-type":"","background-media":"","overlay-type":"","overlay-color":"","overlay-gradient":""}},"ast-content-background-meta":{"desktop":{"background-color":"var(--ast-global-color-5)","background-image":"","background-repeat":"repeat","background-position":"center center","background-size":"auto","background-attachment":"scroll","background-type":"","background-media":"","overlay-type":"","overlay-color":"","overlay-gradient":""},"tablet":{"background-color":"var(--ast-global-color-5)","background-image":"","background-repeat":"repeat","background-position":"center center","background-size":"auto","background-attachment":"scroll","background-type":"","background-media":"","overlay-type":"","overlay-color":"","overlay-gradient":""},"mobile":{"background-color":"var(--ast-global-color-5)","background-image":"","background-repeat":"repeat","background-position":"center center","background-size":"auto","background-attachment":"scroll","background-type":"","background-media":"","overlay-type":"","overlay-color":"","overlay-gradient":""}},"_joinchat":[],"footnotes":""},"class_list":["post-5905","page","type-page","status-publish","hentry"],"acf":[],"yoast_head":"<!-- This site is optimized with the Yoast SEO plugin v26.1.1 - https:\/\/yoast.com\/wordpress\/plugins\/seo\/ -->\n<title>Designers - Omelette Editions<\/title>\n<meta name=\"robots\" content=\"index, follow, max-snippet:-1, max-image-preview:large, max-video-preview:-1\" \/>\n<link rel=\"canonical\" href=\"https:\/\/omeletteeditions.com\/en\/designers\/\" \/>\n<meta property=\"og:locale\" content=\"en_US\" \/>\n<meta property=\"og:type\" content=\"article\" \/>\n<meta property=\"og:title\" content=\"Designers - Omelette Editions\" \/>\n<meta property=\"og:description\" content=\"Francesc Rif\u00e9 Isern Serra Altherr D\u00e9sile Park Iratzoki Lizaso Isaac Pi\u00f1eiro Ana Motta Omayra Maym\u00f3 MUT Design Mauro Federico La Mamba\" \/>\n<meta property=\"og:url\" content=\"https:\/\/omeletteeditions.com\/en\/designers\/\" \/>\n<meta property=\"og:site_name\" content=\"Omelette Editions\" \/>\n<meta property=\"article:modified_time\" content=\"2025-12-16T09:52:33+00:00\" \/>\n<meta property=\"og:image\" content=\"https:\/\/omeletteeditions.com\/wp-content\/uploads\/2024\/01\/Francesc-Rife.jpg\" \/>\n<meta name=\"twitter:card\" content=\"summary_large_image\" \/>\n<meta name=\"twitter:label1\" content=\"Est. reading time\" \/>\n\t<meta name=\"twitter:data1\" content=\"3 minutes\" \/>\n<script type=\"application\/ld+json\" class=\"yoast-schema-graph\">{\"@context\":\"https:\/\/schema.org\",\"@graph\":[{\"@type\":\"WebPage\",\"@id\":\"https:\/\/omeletteeditions.com\/en\/designers\/\",\"url\":\"https:\/\/omeletteeditions.com\/en\/designers\/\",\"name\":\"Designers - Omelette Editions\",\"isPartOf\":{\"@id\":\"https:\/\/omeletteeditions.com\/en\/#website\"},\"primaryImageOfPage\":{\"@id\":\"https:\/\/omeletteeditions.com\/en\/designers\/#primaryimage\"},\"image\":{\"@id\":\"https:\/\/omeletteeditions.com\/en\/designers\/#primaryimage\"},\"thumbnailUrl\":\"https:\/\/omeletteeditions.com\/wp-content\/uploads\/2024\/01\/Francesc-Rife.jpg\",\"datePublished\":\"2023-09-05T09:46:08+00:00\",\"dateModified\":\"2025-12-16T09:52:33+00:00\",\"breadcrumb\":{\"@id\":\"https:\/\/omeletteeditions.com\/en\/designers\/#breadcrumb\"},\"inLanguage\":\"en-US\",\"potentialAction\":[{\"@type\":\"ReadAction\",\"target\":[\"https:\/\/omeletteeditions.com\/en\/designers\/\"]}]},{\"@type\":\"ImageObject\",\"inLanguage\":\"en-US\",\"@id\":\"https:\/\/omeletteeditions.com\/en\/designers\/#primaryimage\",\"url\":\"https:\/\/omeletteeditions.com\/wp-content\/uploads\/2024\/01\/Francesc-Rife.jpg\",\"contentUrl\":\"https:\/\/omeletteeditions.com\/wp-content\/uploads\/2024\/01\/Francesc-Rife.jpg\"},{\"@type\":\"BreadcrumbList\",\"@id\":\"https:\/\/omeletteeditions.com\/en\/designers\/#breadcrumb\",\"itemListElement\":[{\"@type\":\"ListItem\",\"position\":1,\"name\":\"Portada\",\"item\":\"https:\/\/omeletteeditions.com\/en\/\"},{\"@type\":\"ListItem\",\"position\":2,\"name\":\"Designers\"}]},{\"@type\":\"WebSite\",\"@id\":\"https:\/\/omeletteeditions.com\/en\/#website\",\"url\":\"https:\/\/omeletteeditions.com\/en\/\",\"name\":\"Omelette Editions\",\"description\":\"\",\"potentialAction\":[{\"@type\":\"SearchAction\",\"target\":{\"@type\":\"EntryPoint\",\"urlTemplate\":\"https:\/\/omeletteeditions.com\/en\/?s={search_term_string}\"},\"query-input\":{\"@type\":\"PropertyValueSpecification\",\"valueRequired\":true,\"valueName\":\"search_term_string\"}}],\"inLanguage\":\"en-US\"}]}<\/script>\n<!-- \/ Yoast SEO plugin. -->","yoast_head_json":{"title":"Designers - Omelette Editions","robots":{"index":"index","follow":"follow","max-snippet":"max-snippet:-1","max-image-preview":"max-image-preview:large","max-video-preview":"max-video-preview:-1"},"canonical":"https:\/\/omeletteeditions.com\/en\/designers\/","og_locale":"en_US","og_type":"article","og_title":"Designers - Omelette Editions","og_description":"Francesc Rif\u00e9 Isern Serra Altherr D\u00e9sile Park Iratzoki Lizaso Isaac Pi\u00f1eiro Ana Motta Omayra Maym\u00f3 MUT Design Mauro Federico La Mamba","og_url":"https:\/\/omeletteeditions.com\/en\/designers\/","og_site_name":"Omelette Editions","article_modified_time":"2025-12-16T09:52:33+00:00","og_image":[{"url":"https:\/\/omeletteeditions.com\/wp-content\/uploads\/2024\/01\/Francesc-Rife.jpg","type":"","width":"","height":""}],"twitter_card":"summary_large_image","twitter_misc":{"Est. reading time":"3 minutes"},"schema":{"@context":"https:\/\/schema.org","@graph":[{"@type":"WebPage","@id":"https:\/\/omeletteeditions.com\/en\/designers\/","url":"https:\/\/omeletteeditions.com\/en\/designers\/","name":"Designers - Omelette Editions","isPartOf":{"@id":"https:\/\/omeletteeditions.com\/en\/#website"},"primaryImageOfPage":{"@id":"https:\/\/omeletteeditions.com\/en\/designers\/#primaryimage"},"image":{"@id":"https:\/\/omeletteeditions.com\/en\/designers\/#primaryimage"},"thumbnailUrl":"https:\/\/omeletteeditions.com\/wp-content\/uploads\/2024\/01\/Francesc-Rife.jpg","datePublished":"2023-09-05T09:46:08+00:00","dateModified":"2025-12-16T09:52:33+00:00","breadcrumb":{"@id":"https:\/\/omeletteeditions.com\/en\/designers\/#breadcrumb"},"inLanguage":"en-US","potentialAction":[{"@type":"ReadAction","target":["https:\/\/omeletteeditions.com\/en\/designers\/"]}]},{"@type":"ImageObject","inLanguage":"en-US","@id":"https:\/\/omeletteeditions.com\/en\/designers\/#primaryimage","url":"https:\/\/omeletteeditions.com\/wp-content\/uploads\/2024\/01\/Francesc-Rife.jpg","contentUrl":"https:\/\/omeletteeditions.com\/wp-content\/uploads\/2024\/01\/Francesc-Rife.jpg"},{"@type":"BreadcrumbList","@id":"https:\/\/omeletteeditions.com\/en\/designers\/#breadcrumb","itemListElement":[{"@type":"ListItem","position":1,"name":"Portada","item":"https:\/\/omeletteeditions.com\/en\/"},{"@type":"ListItem","position":2,"name":"Designers"}]},{"@type":"WebSite","@id":"https:\/\/omeletteeditions.com\/en\/#website","url":"https:\/\/omeletteeditions.com\/en\/","name":"Omelette Editions","description":"","potentialAction":[{"@type":"SearchAction","target":{"@type":"EntryPoint","urlTemplate":"https:\/\/omeletteeditions.com\/en\/?s={search_term_string}"},"query-input":{"@type":"PropertyValueSpecification","valueRequired":true,"valueName":"search_term_string"}}],"inLanguage":"en-US"}]}},"_links":{"self":[{"href":"https:\/\/omeletteeditions.com\/en\/wp-json\/wp\/v2\/pages\/5905","targetHints":{"allow":["GET"]}}],"collection":[{"href":"https:\/\/omeletteeditions.com\/en\/wp-json\/wp\/v2\/pages"}],"about":[{"href":"https:\/\/omeletteeditions.com\/en\/wp-json\/wp\/v2\/types\/page"}],"author":[{"embeddable":true,"href":"https:\/\/omeletteeditions.com\/en\/wp-json\/wp\/v2\/users\/1"}],"replies":[{"embeddable":true,"href":"https:\/\/omeletteeditions.com\/en\/wp-json\/wp\/v2\/comments?post=5905"}],"version-history":[{"count":14,"href":"https:\/\/omeletteeditions.com\/en\/wp-json\/wp\/v2\/pages\/5905\/revisions"}],"predecessor-version":[{"id":95821,"href":"https:\/\/omeletteeditions.com\/en\/wp-json\/wp\/v2\/pages\/5905\/revisions\/95821"}],"wp:attachment":[{"href":"https:\/\/omeletteeditions.com\/en\/wp-json\/wp\/v2\/media?parent=5905"}],"curies":[{"name":"wp","href":"https:\/\/api.w.org\/{rel}","templated":true}]}}